{"id":2952,"date":"2017-05-19T11:30:44","date_gmt":"2017-05-19T09:30:44","guid":{"rendered":"http:\/\/carolco.pl\/?page_id=2952"},"modified":"2022-04-22T19:21:59","modified_gmt":"2022-04-22T17:21:59","slug":"unit-dose-zarzadzanie-gospodarka-lekowa","status":"publish","type":"page","link":"http:\/\/carolco.pl\/pl\/carolco-home\/meble-medyczne\/loghit\/unit-dose-zarzadzanie-gospodarka-lekowa\/","title":{"rendered":"Unit Dose &#8211; zarz\u0105dzanie gospodark\u0105 lekow\u0105"},"content":{"rendered":"<p>&nbsp;<\/p>\n<p style=\"text-align: justify;\">Wok\u00f3\u0142 UNIT DOSE naros\u0142o w Polsce mn\u00f3stwo legend funkcjonuj\u0105cych niemal w r\u00f3wnoleg\u0142ych rzeczywisto\u015bciach. Warto uporz\u0105dkowa\u0107 wiedz\u0119 w tym zakresie i zrozumie\u0107 istot\u0119 problemu. Samo poj\u0119cie odnosi si\u0119 wy\u0142\u0105cznie do przygotowania dawki jednostkowej poza oddzia\u0142em szpitalnym. Nie ma przy tym znaczenia, czy jest ona wykonana r\u0119cznie czy w spos\u00f3b zautomatyzowany przez roboty apteczne, zrobiona w szpitalu czy dostarczana z zewn\u0105trz. Najwa\u017cniejsza jest nie sama dawka jednostkowa tylko spos\u00f3b \u201ewprowadzenia\u201d jej do systemu dystrybucji lek\u00f3w. Pytanie brzmi: jak dawka jednostkowa funkcjonuje w ca\u0142ym z\u0142o\u017conym systemie? Wszystko zaczyna si\u0119 od ekonomiki podejmowanych dzia\u0142a\u0144 zdrowotnych.<\/p>\n<p style=\"text-align: justify;\">Podawanie lek\u00f3w przy zastosowaniu dawki jednostkowej (<em>Unit Dose<\/em>) zosta\u0142o opracowane w USA w 1960 roku. G\u0142\u00f3wnym celem by\u0142o wspomaganie obs\u0142ugi piel\u0119gniarek w podawaniu lek\u00f3w i zmniejszenia ilo\u015bci marnotrawstwa (\u201e<em>waste\u201d w uj\u0119ciu Lean<\/em>) coraz dro\u017cszych lek\u00f3w. Paradoksalnie do popularyzacji rozwi\u0105za\u0144 przyczyni\u0142y si\u0119 liczne procesy s\u0105dowe w latach 1970 \u2013 1976 zwi\u0105zane z b\u0142\u0119dami lekarskimi w zakresie dozowania lek\u00f3w. B\u0142\u0119dy w stosowaniu lek\u00f3w s\u0105 szczeg\u00f3lnie prawdopodobne, kiedy zaanga\u017cowanie pracownik\u00f3w s\u0142u\u017cby zdrowia wymaga realizacji wielu zada\u0144 w kr\u00f3tkim terminie. Ta sytuacja wyst\u0119puje wielokrotnie w szpitalach, gdzie piel\u0119gniarki przygotowuj\u0105 si\u0119 do podawania lek\u00f3w. Z tego powodu wprowadzono standard dozowania lek\u00f3w przy pomocy dawek jednostkowych.<\/p>\n<p style=\"text-align: justify;\">Standard przewiduje przygotowanie lek\u00f3w codziennie w aptece szpitalnej. Potem wszystkie dawki s\u0105 za\u0142adowywane do w\u00f3zk\u00f3w. Te w\u00f3zki, zawieraj\u0105ce tysi\u0105ce indywidualnych dawek lek\u00f3w, s\u0105 codziennie wysy\u0142ane do oddzia\u0142\u00f3w szpitalnych. Celem takiego dzia\u0142ania jest powr\u00f3t do zasady: \u201elekarz leczy, farmaceuta przygotowuje leki a piel\u0119gniarka piel\u0119gnuje\u201d. Piel\u0119gniarki nie trac\u0105 czasu na czynno\u015bci niezwi\u0105zane z piel\u0119gnowaniem zajmuj\u0105c si\u0119 \u201eadministrowaniem\u201d lek\u00f3w dla pacjent\u00f3w. Cz\u0119sto\u015bci dawkowania s\u0105 bardzo zr\u00f3\u017cnicowane. Pocz\u0105wszy od regularnych w odst\u0119pach czasu przez ca\u0142\u0105 dob\u0119 do dawek podanych w wyniku innych objaw\u00f3w. Podawanie lek\u00f3w jest bardzo odpowiedzialnym zadaniem dla piel\u0119gniarek, kt\u00f3re jest wielokrotnie przerywane. Nic, wi\u0119c dziwnego, \u017ce w fazie administracji, podawanie lek\u00f3w jest szczeg\u00f3lnie podatne na b\u0142\u0105d. Wprowadzono zasad\u0119 5R.<\/p>\n<p style=\"text-align: justify;\"><a href=\"http:\/\/carolco.pl\/wp-content\/uploads\/2017\/05\/5R.png\"><img loading=\"lazy\" decoding=\"async\" class=\"size-full wp-image-3309 alignleft\" src=\"http:\/\/carolco.pl\/wp-content\/uploads\/2017\/05\/5R.png\" alt=\"\" width=\"285\" height=\"213\" \/><\/a><\/p>\n<p style=\"text-align: justify;\">Stosuj\u0105c metodyk\u0119 EBD <em>Evidence Based Design<\/em> (Projektowanie oparte na dowodach\/badaniach naukowych) udowodniono skuteczno\u015b\u0107 proces\u00f3w zwi\u0105zanych z dawk\u0105 jednostkow\u0105. Na pocz\u0105tku dawki by\u0142y przygotowywane r\u0119cznie, ale wraz z post\u0119pem technologicznym \u017cmudne czynno\u015bci zacz\u0119\u0142y by\u0107 automatyzowane. Samo wprowadzenie dawki jednostkowej zmniejsza ryzyko wyst\u0105pienia b\u0142\u0119du ale nie jest panaceum na wszystkie bol\u0105czki.<\/p>\n<!--themify_builder_content-->\n<div id=\"themify_builder_content-2952\" data-postid=\"2952\" class=\"themify_builder_content themify_builder_content-2952 themify_builder tf_clear\">\n                    <div  data-desktop-margin=\",10px\" data-lazy=\"1\" class=\"module_row themify_builder_row tb_syr3090 tb_first tf_w\">\n                        <div class=\"row_inner col_align_top tb_col_count_1 tf_box tf_rel\">\n                        <div  data-lazy=\"1\" class=\"module_column tb-column col-full   tb_tq51550 first\">\n                    <!-- module text -->\n<div  class=\"module module-text tb_38h0541   \" data-lazy=\"1\">\n        <div  class=\"tb_text_wrap\">\n        <p style=\"text-align: justify;\">\u00a0<\/p><p style=\"text-align: justify;\">Jak dzia\u0142a\u00a0Unit Dose?<\/p><p style=\"text-align: justify;\">Jest to rozwi\u0105zanie pozwalaj\u0105ce na zarzadzanie jednostkow\u0105 dawk\u0105 leku na pacjenta w ca\u0142ym systemie gospodarki lekowej. Oznacza to, \u017ce w Aptece szpitalnej po zleceniu lekarskim nast\u0119puje proces walidacji\u00a0i przygotowanie dawki leku dla konkretnego pacjenta. Nast\u0119pnie wcze\u015bniej przygotowana &#8222;porcja&#8221; (dawka) leku jest przygotowana do transportu. Transport odbywa si\u0119 w\u00f3zkami medycznymi lub w specjalnych pojemnikach za pomoc\u0105 poczty pneumatycznej. Po dotarciu na oddzia\u0142 szpitalny dawka jest przenoszona do w\u00f3zk\u00f3w piel\u0119gniarskich. Z tych w\u00f3zk\u00f3w leki s\u0105 pobierane przy \u0142\u00f3\u017cku pacjenta bezpo\u015brednio przed podaniem. System mo\u017ce by\u0107 wzbogacony o rozwi\u0105zania informatyczne pe\u0142ni\u0105ce nadz\u00f3r nad prawid\u0142owo\u015bci\u0105 podania.\u00a0 Tak zwi\u0119kszone bezpiecze\u0144stwo pacjenta ma istotny wp\u0142yw na jako\u015b\u0107 procesu leczenia.<\/p>    <\/div>\n<\/div>\n<!-- \/module text -->        <\/div>\n                        <\/div>\n        <\/div>\n                        <div  data-desktop-margin=\",25px\" data-lazy=\"1\" class=\"module_row themify_builder_row tb_a94p070 tf_w\">\n                        <div class=\"row_inner col_align_top tb_col_count_1 tf_box tf_rel\">\n                        <div  data-lazy=\"1\" class=\"module_column tb-column col-full   tb_cta1350 first\">\n                    <!-- module image -->\n<div  class=\"module module-image tb_sq3k545 image-top rounded  tf_mw\" data-lazy=\"1\">\n    <h3 class=\"module-title\">System Unit Dose firmy Swisslog<\/h3>    <div class=\"image-wrap tf_rel tf_mw\">\n            <a href=\"http:\/\/carolco.pl\/wp-content\/uploads\/2015\/07\/przep\u0142yw-lek\u00f3w.jpg\">\n                   <img loading=\"lazy\" decoding=\"async\" width=\"1747\" height=\"862\" src=\"http:\/\/carolco.pl\/wp-content\/uploads\/2015\/07\/przep\u0142yw-lek\u00f3w.jpg\" class=\"wp-post-image wp-image-2959\" title=\"przep\u0142yw lek\u00f3w\" alt=\"przep\u0142yw lek\u00f3w\" srcset=\"http:\/\/carolco.pl\/wp-content\/uploads\/2015\/07\/przep\u0142yw-lek\u00f3w.jpg 1747w, http:\/\/carolco.pl\/wp-content\/uploads\/2015\/07\/przep\u0142yw-lek\u00f3w-300x148.jpg 300w, http:\/\/carolco.pl\/wp-content\/uploads\/2015\/07\/przep\u0142yw-lek\u00f3w-1024x505.jpg 1024w\" sizes=\"auto, (max-width: 1747px) 100vw, 1747px\" \/>        <\/a>\n    \n        <\/div>\n    <!-- \/image-wrap -->\n    \n        <\/div>\n<!-- \/module image --><!-- module text -->\n<div  class=\"module module-text tb_mp6u550   \" data-lazy=\"1\">\n        <div  class=\"tb_text_wrap\">\n        <p style=\"text-align: justify;\">System Unit Dose to nie tylko urz\u0105dzenia ale tak\u017ce poprawiona organizacja pracy i dystrybucja lek\u00f3w. W\u0142a\u015bciwie wdro\u017cony system pozwala na oszcz\u0119dno\u015bci i podnosi poziom bezpiecze\u0144stwa pacjenta. Pozwala na eliminacj\u0119 wielu zb\u0119dnych czynno\u015bci i procedur.<\/p><p>\u00a0<\/p>    <\/div>\n<\/div>\n<!-- \/module text -->        <\/div>\n                        <\/div>\n        <\/div>\n        <\/div>\n<!--\/themify_builder_content--> ","protected":false},"excerpt":{"rendered":"<p>&nbsp; Wok\u00f3\u0142 UNIT DOSE naros\u0142o w Polsce mn\u00f3stwo legend funkcjonuj\u0105cych niemal w r\u00f3wnoleg\u0142ych rzeczywisto\u015bciach. Warto uporz\u0105dkowa\u0107 wiedz\u0119 w tym zakresie i zrozumie\u0107 istot\u0119 problemu. Samo poj\u0119cie odnosi si\u0119 wy\u0142\u0105cznie do przygotowania dawki jednostkowej poza oddzia\u0142em szpitalnym. Nie ma przy tym znaczenia, czy jest ona wykonana r\u0119cznie czy w spos\u00f3b zautomatyzowany przez roboty apteczne, zrobiona w [&hellip;]<\/p>\n","protected":false},"author":1,"featured_media":0,"parent":2415,"menu_order":20,"comment_status":"closed","ping_status":"open","template":"","meta":{"om_disable_all_campaigns":false,"_exactmetrics_skip_tracking":false,"_exactmetrics_sitenote_active":false,"_exactmetrics_sitenote_note":"","_exactmetrics_sitenote_category":0,"_monsterinsights_skip_tracking":false,"_monsterinsights_sitenote_active":false,"_monsterinsights_sitenote_note":"","_monsterinsights_sitenote_category":0,"footnotes":""},"class_list":["post-2952","page","type-page","status-publish","hentry","has-post-title","has-post-date","has-post-category","has-post-tag","has-post-comment","has-post-author",""],"aioseo_notices":[],"builder_content":"<p style=\"text-align: justify;\">\u00a0<\/p><p style=\"text-align: justify;\">Jak dzia\u0142a\u00a0Unit Dose?<\/p><p style=\"text-align: justify;\">Jest to rozwi\u0105zanie pozwalaj\u0105ce na zarzadzanie jednostkow\u0105 dawk\u0105 leku na pacjenta w ca\u0142ym systemie gospodarki lekowej. Oznacza to, \u017ce w Aptece szpitalnej po zleceniu lekarskim nast\u0119puje proces walidacji\u00a0i przygotowanie dawki leku dla konkretnego pacjenta. Nast\u0119pnie wcze\u015bniej przygotowana \"porcja\" (dawka) leku jest przygotowana do transportu. Transport odbywa si\u0119 w\u00f3zkami medycznymi lub w specjalnych pojemnikach za pomoc\u0105 poczty pneumatycznej. Po dotarciu na oddzia\u0142 szpitalny dawka jest przenoszona do w\u00f3zk\u00f3w piel\u0119gniarskich. Z tych w\u00f3zk\u00f3w leki s\u0105 pobierane przy \u0142\u00f3\u017cku pacjenta bezpo\u015brednio przed podaniem. System mo\u017ce by\u0107 wzbogacony o rozwi\u0105zania informatyczne pe\u0142ni\u0105ce nadz\u00f3r nad prawid\u0142owo\u015bci\u0105 podania.\u00a0 Tak zwi\u0119kszone bezpiecze\u0144stwo pacjenta ma istotny wp\u0142yw na jako\u015b\u0107 procesu leczenia.<\/p>\n<h3>System Unit Dose firmy Swisslog<\/h3> <a href=\"http:\/\/carolco.pl\/wp-content\/uploads\/2015\/07\/przep\u0142yw-lek\u00f3w.jpg\"> <img src=\"http:\/\/carolco.pl\/wp-content\/uploads\/2015\/07\/przep\u0142yw-lek\u00f3w.jpg\" title=\"przep\u0142yw lek\u00f3w\" alt=\"przep\u0142yw lek\u00f3w\" srcset=\"http:\/\/carolco.pl\/wp-content\/uploads\/2015\/07\/przep\u0142yw-lek\u00f3w.jpg 1747w, http:\/\/carolco.pl\/wp-content\/uploads\/2015\/07\/przep\u0142yw-lek\u00f3w-300x148.jpg 300w, http:\/\/carolco.pl\/wp-content\/uploads\/2015\/07\/przep\u0142yw-lek\u00f3w-1024x505.jpg 1024w\" sizes=\"(max-width: 1747px) 100vw, 1747px\" \/> <\/a>\n<p style=\"text-align: justify;\">System Unit Dose to nie tylko urz\u0105dzenia ale tak\u017ce poprawiona organizacja pracy i dystrybucja lek\u00f3w. W\u0142a\u015bciwie wdro\u017cony system pozwala na oszcz\u0119dno\u015bci i podnosi poziom bezpiecze\u0144stwa pacjenta. Pozwala na eliminacj\u0119 wielu zb\u0119dnych czynno\u015bci i procedur.<\/p><p>\u00a0<\/p>","_links":{"self":[{"href":"http:\/\/carolco.pl\/pl\/carolco-home\/wp-json\/wp\/v2\/pages\/2952","targetHints":{"allow":["GET"]}}],"collection":[{"href":"http:\/\/carolco.pl\/pl\/carolco-home\/wp-json\/wp\/v2\/pages"}],"about":[{"href":"http:\/\/carolco.pl\/pl\/carolco-home\/wp-json\/wp\/v2\/types\/page"}],"author":[{"embeddable":true,"href":"http:\/\/carolco.pl\/pl\/carolco-home\/wp-json\/wp\/v2\/users\/1"}],"replies":[{"embeddable":true,"href":"http:\/\/carolco.pl\/pl\/carolco-home\/wp-json\/wp\/v2\/comments?post=2952"}],"version-history":[{"count":9,"href":"http:\/\/carolco.pl\/pl\/carolco-home\/wp-json\/wp\/v2\/pages\/2952\/revisions"}],"predecessor-version":[{"id":3947,"href":"http:\/\/carolco.pl\/pl\/carolco-home\/wp-json\/wp\/v2\/pages\/2952\/revisions\/3947"}],"up":[{"embeddable":true,"href":"http:\/\/carolco.pl\/pl\/carolco-home\/wp-json\/wp\/v2\/pages\/2415"}],"wp:attachment":[{"href":"http:\/\/carolco.pl\/pl\/carolco-home\/wp-json\/wp\/v2\/media?parent=2952"}],"curies":[{"name":"wp","href":"https:\/\/api.w.org\/{rel}","templated":true}]}}