{"id":3181,"date":"2017-03-14T09:57:04","date_gmt":"2017-03-14T08:57:04","guid":{"rendered":"http:\/\/carolco.pl\/?page_id=3181"},"modified":"2022-04-23T09:39:16","modified_gmt":"2022-04-23T07:39:16","slug":"meble-z-hpl","status":"publish","type":"page","link":"https:\/\/carolco.pl\/pl\/carolco-home\/meble\/meble-ogrodowe-2\/meble-z-hpl\/","title":{"rendered":"Meble z HPL"},"content":{"rendered":"<h1>Co to jest HPL?<\/h1>\n<p>Laminat HPL to\u00a0&#8211; kilkana\u015bcie warstw papieru dekoracyjnego prasowane w wysokiej temperaturze i pod du\u017cym ci\u015bnieniem. Taki laminat stosowany powszechnie do oklejania p\u0142yt meblowych w tym p\u0142yty wi\u00f3rowej nara\u017conych na uszkodzenia mechaniczne. Innymi s\u0142owy wierzchnia warstwa ochronna. Ze wzgl\u0119du na swoje w\u0142a\u015bciwo\u015bci wytrzyma\u0142o\u015bciowe bardzo praktyczny w codziennym stosowaniu. A gdyby sobie wyobrazi\u0107 ca\u0142\u0105 p\u0142yt\u0119 meblow\u0105 wykonan\u0105 w ten spos\u00f3b? Wtedy otrzymujemy utwardzony termicznie pod\u00a0wysokim\u00a0ci\u015bnieniem bardzo odporny materia\u0142. Sk\u0142adaj\u0105cy si\u0119 z kilkunastu warstw papieru rdzeniowego impregnowanego przy pomocy \u017cywicy fenolowej. Wierzchnia \u00a0warstwa papieru dekoracyjnego utwardzana jest \u017cywicami melaminowymi. Zastosowanie takich materia\u0142\u00f3w jest szerokie ze wzgl\u0119du na wodoodporno\u015b\u0107, nienasi\u0105kliwo\u015b\u0107, twardo\u015b\u0107, sztywno\u015b\u0107 konstrukcyjn\u0105, g\u0119sto\u015b\u0107 nawet 3 krotnie wi\u0119ksz\u0105 ni\u017c p\u0142yta wi\u00f3rowa. Nie wymaga dodatkowych zabieg\u00f3w przy zabezpieczaniu kraw\u0119dzi. Ju\u017c 10 mm grubo\u015bci p\u0142yty nadaj\u0105 si\u0119 na elementy konstrukcyjne mebli co nadaje im optyczna lekko\u015b\u0107. Powszechnie stosowany na elewacje, przegrody sanitarne, meble medyczne, meble laboratoryjne, nowoczesne meble mieszkaniowe i u\u017cytkowe. Spotykamy je w wielu ogr\u00f3dkach przy eleganckich restauracjach.<\/p>\n<p>Z takiego materia\u0142u rozpocz\u0119li\u015bmy produkcj\u0119 mebli ogrodowych. Oczywi\u015bcie mamy kilka wzor\u00f3w ale wykonujemy te\u017c meble na zam\u00f3wienie. Do ogrod\u00f3w przydomowych i do miejsc publicznych.<\/p>\n<p><a href=\"http:\/\/carolco.pl\/wp-content\/uploads\/2017\/03\/IMG_20170310_145234.jpg\"><img loading=\"lazy\" decoding=\"async\" class=\"alignnone size-full wp-image-3184\" src=\"http:\/\/carolco.pl\/wp-content\/uploads\/2017\/03\/IMG_20170310_145234.jpg\" alt=\"\" width=\"2336\" height=\"4160\" \/><\/a><\/p>\n<h1>ZAPRASZAMY !<\/h1>\n<!--themify_builder_content-->\n<div id=\"themify_builder_content-3181\" data-postid=\"3181\" class=\"themify_builder_content themify_builder_content-3181 themify_builder tf_clear\">\n    <\/div>\n<!--\/themify_builder_content-->\n ","protected":false},"excerpt":{"rendered":"<p>Co to jest HPL? Laminat HPL to\u00a0&#8211; kilkana\u015bcie warstw papieru dekoracyjnego prasowane w wysokiej temperaturze i pod du\u017cym ci\u015bnieniem. Taki laminat stosowany powszechnie do oklejania p\u0142yt meblowych w tym p\u0142yty wi\u00f3rowej nara\u017conych na uszkodzenia mechaniczne. Innymi s\u0142owy wierzchnia warstwa ochronna. Ze wzgl\u0119du na swoje w\u0142a\u015bciwo\u015bci wytrzyma\u0142o\u015bciowe bardzo praktyczny w codziennym stosowaniu. A gdyby sobie wyobrazi\u0107 [&hellip;]<\/p>\n","protected":false},"author":1,"featured_media":0,"parent":3175,"menu_order":2,"comment_status":"closed","ping_status":"closed","template":"","meta":{"om_disable_all_campaigns":false,"_exactmetrics_skip_tracking":false,"_exactmetrics_sitenote_active":false,"_exactmetrics_sitenote_note":"","_exactmetrics_sitenote_category":0,"_monsterinsights_skip_tracking":false,"_monsterinsights_sitenote_active":false,"_monsterinsights_sitenote_note":"","_monsterinsights_sitenote_category":0,"footnotes":""},"class_list":["post-3181","page","type-page","status-publish","hentry","has-post-title","has-post-date","has-post-category","has-post-tag","has-post-comment","has-post-author",""],"aioseo_notices":[],"builder_content":"","_links":{"self":[{"href":"https:\/\/carolco.pl\/pl\/carolco-home\/wp-json\/wp\/v2\/pages\/3181","targetHints":{"allow":["GET"]}}],"collection":[{"href":"https:\/\/carolco.pl\/pl\/carolco-home\/wp-json\/wp\/v2\/pages"}],"about":[{"href":"https:\/\/carolco.pl\/pl\/carolco-home\/wp-json\/wp\/v2\/types\/page"}],"author":[{"embeddable":true,"href":"https:\/\/carolco.pl\/pl\/carolco-home\/wp-json\/wp\/v2\/users\/1"}],"replies":[{"embeddable":true,"href":"https:\/\/carolco.pl\/pl\/carolco-home\/wp-json\/wp\/v2\/comments?post=3181"}],"version-history":[{"count":2,"href":"https:\/\/carolco.pl\/pl\/carolco-home\/wp-json\/wp\/v2\/pages\/3181\/revisions"}],"predecessor-version":[{"id":3186,"href":"https:\/\/carolco.pl\/pl\/carolco-home\/wp-json\/wp\/v2\/pages\/3181\/revisions\/3186"}],"up":[{"embeddable":true,"href":"https:\/\/carolco.pl\/pl\/carolco-home\/wp-json\/wp\/v2\/pages\/3175"}],"wp:attachment":[{"href":"https:\/\/carolco.pl\/pl\/carolco-home\/wp-json\/wp\/v2\/media?parent=3181"}],"curies":[{"name":"wp","href":"https:\/\/api.w.org\/{rel}","templated":true}]}}