{"id":3187,"date":"2017-03-14T10:00:54","date_gmt":"2017-03-14T09:00:54","guid":{"rendered":"http:\/\/carolco.pl\/?page_id=3187"},"modified":"2022-04-25T23:34:46","modified_gmt":"2022-04-25T21:34:46","slug":"ekoplyty","status":"publish","type":"page","link":"https:\/\/carolco.pl\/pl\/carolco-home\/rozwiazania\/ekoplyty\/","title":{"rendered":"Ekop\u0142yty"},"content":{"rendered":"<h1>EKOP\u0141YTY &#8211; materia\u0142 z recyklingu.<\/h1>\n<p>Oferujemy p\u0142yty z recyklingu:<\/p>\n<p><a href=\"http:\/\/carolco.pl\/wp-content\/uploads\/2017\/03\/b4134199df4c4705dd01699c7da98137.jpg\"><img loading=\"lazy\" decoding=\"async\" class=\"alignnone size-full wp-image-3148\" src=\"http:\/\/carolco.pl\/wp-content\/uploads\/2017\/03\/b4134199df4c4705dd01699c7da98137.jpg\" alt=\"\" width=\"268\" height=\"179\" \/><\/a><\/p>\n<h2>Parametry p\u0142yty:<\/h2>\n<table>\n<tbody>\n<tr>\n<td width=\"141\">\u00a0<strong>Rodzaj <\/strong><\/td>\n<td width=\"141\"><strong>Waga (+\/- 10%) <\/strong><\/td>\n<td width=\"164\"><strong>Grubo\u015b\u0107 (+\/- 10%) <\/strong><\/td>\n<\/tr>\n<tr>\n<td width=\"141\">Standard<\/td>\n<td width=\"141\">32kg<\/td>\n<td width=\"164\">19mm<\/td>\n<\/tr>\n<tr>\n<td width=\"141\">10mm<\/td>\n<td width=\"141\">19kg<\/td>\n<td width=\"164\">10mm<\/td>\n<\/tr>\n<tr>\n<td width=\"141\">Antyposlizg<\/td>\n<td width=\"141\">32kg<\/td>\n<td width=\"164\">19mm<\/td>\n<\/tr>\n<\/tbody>\n<\/table>\n<h2>Pytania:<\/h2>\n<ol>\n<li>Czy ekop\u0142yta sie rozszerza?<br \/>\n<span title=\"Yes as with other sheet materials you will need to leave room for expansion between each sheet when fixing.\">Tak jak w przypadku innych materia\u0142\u00f3w.\u00a0Trzeba zostawi\u0107 miejsce na ekspansj\u0119 pomi\u0119dzy ka\u017cdym arkuszu przy monta\u017cu.\u00a0\u00a0<\/span><span title=\"We recommend the oversizing of screw holes. \">Zalecamy pzewymiarowanie otwor\u00f3w.<\/span><\/li>\n<li><span title=\"2. Can standard wood working tools be used? \">Czy mo\u017cna stosowa\u0107 standardowe narz\u0119dzia pracy jak do drewna?<br \/>\n<\/span><span title=\"Yes, we suggest good quality tungsten carbide tips, please see the General Technical Information sheet. \">Tak, proponujemy stosowa\u0107 pi\u0142y z dobrej jako\u015bci\u00a0w\u0119glikami wolframu.<\/span><\/li>\n<li><span title=\"3. What fixings are suggested? \">Jakie elementy mocuj\u0105ce s\u0105 sugerowane?<br \/>\n<\/span><span title=\"We do not recommend nailing or gluing.\">Nie zalecamy gwo\u017adzi lub klej\u00f3w. Polecamy s<\/span><span title=\"Self-tapping posi-screws are recommended, or for best results resin anchors can be used. \">amogwintuj\u0105ce \u015bruby, w celu\u00a0uzyskania najlepszych wynik\u00f3w mo\u017cna stosowa\u0107 tak\u017ce kotwy \u017cywiczne.<\/span><\/li>\n<li><span title=\"4. What support\/ struts are required for EKOply? \">Jakie podparcie \/ rozp\u00f3rki s\u0105 wymagane dla ekop\u0142yty?<br \/>\n<\/span><span title=\"A maximum span of 350 \u2013 400 mm is recommended but varies according to the specific application.\">Maksymalna rozpi\u0119to\u015b\u0107 350 &#8211; 400 mm ale mo\u017ce si\u0119 r\u00f3\u017cni\u0107 si\u0119 w zale\u017cno\u015bci od konkretnego zastosowania. <\/span><span title=\"The smaller the span, the greater the support and less room for error. \">Im mniejsza jest rozpi\u0119to\u015b\u0107, tym mniejszy\u00a0 wspornik i mniejsza\u00a0strza\u0142ka ugi\u0119cia.<\/span><\/li>\n<li><span title=\"The smaller the span, the greater the support and less room for error. \">Jakie s\u0105 wymiary arkuszy?<br \/>\n<\/span><span title=\"- In house testing on \u2013 with the 2440 x 1220 mm sheet placed onto a flat surface. \">2440 mm x 1220 mm<\/span><\/li>\n<li><span title=\"4. What support\/ struts are required for EKOply? \"><span title=\"- In house testing on \u2013 with the 2440 x 1220 mm sheet placed onto a flat surface. \">Jak sk\u0142adowa\u0107 arkusze ekop\u0142yt?<\/span><br \/>\n<\/span><span title=\"A maximum span of 350 \u2013 400 mm is recommended but varies according to the specific application.\">Umie\u015bci\u0107 je na p\u0142askiej powierzchni.<\/span><\/li>\n<li>Czy arkusz trzymaj\u0105 wymiary?<br \/>\n<span title=\"Yes - there is a tolerance of 0.2% in its length and width and 10% tolerance in its thickness. \">Tak &#8211; dopuszczalna\u00a0tolerancja na d\u0142ugo\u015bci i szeroko\u015bci to 0,2% oraz 10% tolerancji na grubo\u015bci.<\/span><\/li>\n<li><span style=\"color: #ffffff; font-family: Calibri;\">Czy na powierzchni mog\u0105 wyst\u0105pi\u0107 zarysowania?<\/span><br \/>\n<span style=\"color: #ffffff;\"> <span style=\"font-family: Calibri;\">\u00a0<\/span><span style=\"font-family: Calibri;\">Tak, drobne zarysowania powierzchni mo\u017ce wyst\u0105pi\u0107, poniewa\u017c nie jest\u00a0to materia\u0142 odporny na \u015bcieranie.<\/span><\/span><\/li>\n<li><span style=\"color: #ffffff;\">Czy ekop\u0142yty mo\u017cna malowa\u0107?<\/span><br \/>\n<span title=\"We do not recommend painting EKOply as it is offered as a low or no maintenance product, however more details can be found on the General Technical Information sheet. \">Nie zalecamy malowania ekop\u0142yt.<\/span><\/li>\n<li>Czy mo\u017cna je stosowa\u0107 na szalunki?<br \/>\n<span title=\"Yes, you will require more structural supports than in standard wooden shuttering however. \">Tak, b\u0119dzie to wymaga\u0142o dodatkowych\u00a0podp\u00f3r konstrukcyjnych ni\u017c w standardowych rozwi\u0105zaniach\u00a0z drewnianymi szalunkami.<\/span><\/li>\n<li>Czy ekop\u0142yty\u00a0jest\u00a0odporna na promieniowanie UV?<br \/>\n<span title=\"Yes.\">Tak. Zastosowane tworzywo\u00a0<\/span><span title=\"The common PE is not resistant to UV rays, however we have the technology that increases the resistance significantly.\">jest odporne na dzia\u0142anie promieni UV,\u00a0ba<\/span><span title=\"UV chamber testing demonstrates to date that there are no changes in colour or properties over 3 year period. \">dania\u00a0pokazuj\u0105,\u00a0\u017ce nie ma \u017cadnych zmian w kolorze lub w\u0142a\u015bciwo\u015bciach w okresie 3 lat.<\/span><\/li>\n<li>Czy ekop\u0142yty posiadaj\u0105 w\u0142a\u015bciwo\u015bci termiczne?<br \/>\n<span title=\"EKOply standard sheets have some thermal properties due to the air pockets in the core.\">Standardowe arkusze maj\u0105 pewne w\u0142a\u015bciwo\u015bci termiczne ze wzgl\u0119du na poduszki powietrzne w rdzeniu.<\/span><\/li>\n<li>Czy ekop\u0142yty\u00a0mo\u017cna wycina\u0107 laserem?<br \/>\n<span title=\"Yes.\">Tak. <\/span><span title=\"The standard EKOply can be laser cut successfully to a minimum depth.\">Standardowe ekop\u0142yty mog\u0105 z powodzeniem by\u0107 ci\u0119te laserowo do minimalnej g\u0142\u0119boko\u015bci. <\/span><span title=\"Deeper cuts cause melts within the material and do not allow for a neat finish.\">G\u0142\u0119bsze ci\u0119cia powoduj\u0105 topienie si\u0119 materiale i nie pozwalaj\u0105 na estetyczne wyko\u0144czenie. <\/span><\/li>\n<li>Czy ekop\u0142yty\u00a0wytrzymuj\u0105 przemys\u0142owych \u015brodki czyszcz\u0105ce i rozpuszczalniki?<br \/>\n<span title=\"Yes, as the skin is approximately 70-80% Polyethylene \u2013 which has excellent chemical resistance.\">Tak, wierzchnia cz\u0119\u015b\u0107\u00a0sk\u0142ada si\u0119 z oko\u0142o 70-80% polietylenu &#8211; kt\u00f3ry ma doskona\u0142\u0105 odporno\u015b\u0107 chemiczn\u0105. <\/span><span title=\"Most solvents\/ detergents are sold in PE containers.\">Wi\u0119kszo\u015b\u0107 rozpuszczalnik\u00f3w \/ detergenty s\u0105 sprzedawane w opakowaniach z polietylenu. <\/span><\/li>\n<\/ol>\n<!--themify_builder_content-->\n<div id=\"themify_builder_content-3187\" data-postid=\"3187\" class=\"themify_builder_content themify_builder_content-3187 themify_builder tf_clear\">\n    <\/div>\n<!--\/themify_builder_content-->\n ","protected":false},"excerpt":{"rendered":"<p>EKOP\u0141YTY &#8211; materia\u0142 z recyklingu. Oferujemy p\u0142yty z recyklingu: Parametry p\u0142yty: \u00a0Rodzaj Waga (+\/- 10%) Grubo\u015b\u0107 (+\/- 10%) Standard 32kg 19mm 10mm 19kg 10mm Antyposlizg 32kg 19mm Pytania: Czy ekop\u0142yta sie rozszerza? Tak jak w przypadku innych materia\u0142\u00f3w.\u00a0Trzeba zostawi\u0107 miejsce na ekspansj\u0119 pomi\u0119dzy ka\u017cdym arkuszu przy monta\u017cu.\u00a0\u00a0Zalecamy pzewymiarowanie otwor\u00f3w. Czy mo\u017cna stosowa\u0107 standardowe narz\u0119dzia pracy [&hellip;]<\/p>\n","protected":false},"author":1,"featured_media":0,"parent":2397,"menu_order":3,"comment_status":"closed","ping_status":"closed","template":"","meta":{"om_disable_all_campaigns":false,"_exactmetrics_skip_tracking":false,"_exactmetrics_sitenote_active":false,"_exactmetrics_sitenote_note":"","_exactmetrics_sitenote_category":0,"_monsterinsights_skip_tracking":false,"_monsterinsights_sitenote_active":false,"_monsterinsights_sitenote_note":"","_monsterinsights_sitenote_category":0,"footnotes":""},"class_list":["post-3187","page","type-page","status-publish","hentry","has-post-title","has-post-date","has-post-category","has-post-tag","has-post-comment","has-post-author",""],"aioseo_notices":[],"builder_content":"","_links":{"self":[{"href":"https:\/\/carolco.pl\/pl\/carolco-home\/wp-json\/wp\/v2\/pages\/3187","targetHints":{"allow":["GET"]}}],"collection":[{"href":"https:\/\/carolco.pl\/pl\/carolco-home\/wp-json\/wp\/v2\/pages"}],"about":[{"href":"https:\/\/carolco.pl\/pl\/carolco-home\/wp-json\/wp\/v2\/types\/page"}],"author":[{"embeddable":true,"href":"https:\/\/carolco.pl\/pl\/carolco-home\/wp-json\/wp\/v2\/users\/1"}],"replies":[{"embeddable":true,"href":"https:\/\/carolco.pl\/pl\/carolco-home\/wp-json\/wp\/v2\/comments?post=3187"}],"version-history":[{"count":10,"href":"https:\/\/carolco.pl\/pl\/carolco-home\/wp-json\/wp\/v2\/pages\/3187\/revisions"}],"predecessor-version":[{"id":3199,"href":"https:\/\/carolco.pl\/pl\/carolco-home\/wp-json\/wp\/v2\/pages\/3187\/revisions\/3199"}],"up":[{"embeddable":true,"href":"https:\/\/carolco.pl\/pl\/carolco-home\/wp-json\/wp\/v2\/pages\/2397"}],"wp:attachment":[{"href":"https:\/\/carolco.pl\/pl\/carolco-home\/wp-json\/wp\/v2\/media?parent=3187"}],"curies":[{"name":"wp","href":"https:\/\/api.w.org\/{rel}","templated":true}]}}