{"id":3723,"date":"2018-05-23T15:19:29","date_gmt":"2018-05-23T13:19:29","guid":{"rendered":"http:\/\/carolco.pl\/?page_id=3723"},"modified":"2022-04-22T19:32:59","modified_gmt":"2022-04-22T17:32:59","slug":"polityka-prywatnosci","status":"publish","type":"page","link":"https:\/\/carolco.pl\/pl\/carolco-home\/polityka-prywatnosci\/","title":{"rendered":"Polityka prywatno\u015bci"},"content":{"rendered":"<h2>Kim jeste\u015bmy<\/h2>\n<p>Adres naszej strony internetowej to: http:\/\/carolco.pl.<\/p>\n<p align=\"justify\">Administratorem danych osobowych jest Carolco Investments Sp. Z O.O., 90-057 \u0141\u00f3d\u017a, ul. Sienkiewicza 85\/87\/8 zarejestrowana pod numerem KRS 0000344296, REGON: 100851568, NIP: 7252020572.<\/p>\n<h2>Jakie dane osobiste zbieramy i dlaczego je zbieramy<\/h2>\n<p align=\"justify\">Twoje dane mog\u0105 by\u0107 tak\u017ce przetwarzane w celu dopasowania tre\u015bci stron internetowych do Twoich zainteresowa\u0144, a tak\u017ce wykrywania bot\u00f3w i nadu\u017cy\u0107 oraz pomiar\u00f3w statystycznych i udoskonalenia us\u0142ug. Korzystanie z widgetu pozwalaj\u0105cego na udost\u0119pnianie tre\u015bci w serwisach spo\u0142eczno\u015bciowych, \u0142\u0105czy si\u0119 z akceptacj\u0105 plik\u00f3w cookies Facebooka i innych serwis\u00f3w spo\u0142eczno\u015bciowych.<\/p>\n<h3>Komentarze<\/h3>\n<p align=\"justify\">Kiedy odwiedzasz nasze witryny i zostawiasz komentarz, zbieramy dane widoczne w formularzu komentowania, jak i Tw\u00f3j adres IP oraz podpis przegl\u0105darki zgodnie z wymaganiami prawnymi oraz jako pomoc przy wykrywaniu spamu.<\/p>\n<p align=\"justify\">Zanonimizowany ci\u0105g znak\u00f3w stworzony na podstawie twojego adresu email (tak zwany hash) mo\u017ce zosta\u0107 przes\u0142any do us\u0142ugi Gravatar w celu sprawdzenia czy jej u\u017cywasz. Polityka prywatno\u015bci us\u0142ugi Gravatar jest dost\u0119pna tutaj: <a href=\"https:\/\/automattic.com\/privacy\/\" target=\"_blank\" rel=\"noopener\">https:\/\/automattic.com\/privacy<\/a>. Po zatwierdzeniu komentarza tw\u00f3j obrazek profilowy jest widoczny publicznie w kontek\u015bcie twojego komentarza.<\/p>\n<p align=\"justify\">W zakresie dopasowanie tre\u015bci stron internetowych Carolco Investments Sp. Z O.O. do Twoich zainteresowa\u0144, a tak\u017ce wykrywania bot\u00f3w i nadu\u017cy\u0107 oraz pomiar\u00f3w statystycznych i udoskonalenia us\u0142ugi, Twoje dane b\u0119d\u0105 przetwarzane w tych celach do momentu wyra\u017cenia sprzeciwu lub do czasu zako\u0144czenia korzystania przez Ciebie z us\u0142ug.<\/p>\n<h3>Media<\/h3>\n<p align=\"justify\">Je\u015bli jeste\u015b zarejestrowanym u\u017cytkownikiem i wgrywasz na witryn\u0119 obrazki, powiniene\u015b unika\u0107 przesy\u0142ania obrazk\u00f3w z tagami EXIF lokalizacji. Odwiedzaj\u0105cy stron\u0119 mog\u0105 pobra\u0107 i odczyta\u0107 pe\u0142ne dane lokalizacyjne z obrazk\u00f3w w witrynie.\u00a0Twoje dane osobowe przekazywane naszej firmie w ramach kontaktu e-mailowego przetwarzane s\u0105 wy\u0142\u0105cznie w celu obs\u0142ugi Twojego zapytania. Tre\u015b\u0107 korespondencji mo\u017ce podlega\u0107 archiwizacji.<\/p>\n<h3>Kontakt e-mailowy.<\/h3>\n<p align=\"justify\">Kontaktuj\u0105c si\u0119 z Carolco Investments za po\u015brednictwem poczty elektronicznej, w spos\u00f3b naturalny przekazujesz adres e-mail jako adres nadawcy wiadomo\u015bci. Ponadto, w tre\u015bci wiadomo\u015bci mo\u017cesz zawrze\u0107 r\u00f3wnie\u017c inne dane osobowe. Podstaw\u0105 prawn\u0105 przetwarzania danych osobowych w takim przypadku jest Twoja zgoda wynikaj\u0105ca z zainicjowania kontaktu.<\/p>\n<h3>Formularze kontaktowe i newslettery.<\/h3>\n<p align=\"justify\">Za po\u015brednictwem strony mo\u017cesz zada\u0107 pytanie lub zapisa\u0107 si\u0119 do newslettera zawieraj\u0105cego informacje o nowo\u015bciach, promocjach, produktach i us\u0142ugach zwi\u0105zanych z aktywno\u015bci\u0105 Carolco Investments Sp. Z O.O.\u00a0 w Internecie. W celu przesy\u0142ania newslettera, przetwarzane s\u0105 Twoje dane osobowe w zakresie imienia i adresu e-mail. Podstaw\u0105 prawn\u0105 przetwarzania Twoich danych osobowych w przypadku newslettera jest Twoja zgoda wyra\u017cona poprzez zaznaczenie stosownej tre\u015bci checkboxa przy zapisywaniu si\u0119 do newslettera. Tak\u0105 zgod\u0119 mo\u017cesz w ka\u017cdej chwili wycofa\u0107, rezygnuj\u0105c z otrzymywania newslettera.<\/p>\n<h3>Ciasteczka<\/h3>\n<p align=\"justify\">Je\u015bli zostawisz na naszej witrynie komentarz, b\u0119dziesz m\u00f3g\u0142 wybra\u0107 opcj\u0119 zapisu twojej nazwy, adresu email i adresu strony internetowej w ciasteczkach, dzi\u0119ki kt\u00f3rym podczas pisania kolejnych komentarzy powy\u017csze informacje b\u0119d\u0105 ju\u017c dogodnie uzupe\u0142nione. Te ciasteczka wygasaj\u0105 po roku.<\/p>\n<p align=\"justify\">Je\u015bli masz konto i zalogujesz si\u0119 na tej witrynie, utworzymy tymczasowe ciasteczko na potrzeby sprawdzenia czy twoja przegl\u0105darka akceptuje ciasteczka. To ciasteczko nie zawiera \u017cadnych danych osobistych i zostanie usuni\u0119te kiedy zamkniesz przegl\u0105dark\u0119.<\/p>\n<p align=\"justify\">Podczas logowania tworzymy dodatkowo kilka ciasteczek potrzebnych do zapisu twoich informacji logowania oraz wybranych opcji ekranu. Ciasteczka logowania wygasaj\u0105 po dw\u00f3ch dniach, a opcji ekranu po roku. Je\u015bli zaznaczysz opcj\u0119 \u201ePami\u0119taj mnie\u201d, logowanie wyga\u015bnie po dw\u00f3ch tygodniach. Je\u015bli wylogujesz si\u0119 ze swojego konta, ciasteczka logowania zostan\u0105 usuni\u0119te.<\/p>\n<p align=\"justify\">Je\u015bli zmodyfikujesz albo opublikujesz artyku\u0142, w twojej przegl\u0105darce zostanie zapisane dodatkowe ciasteczko. To ciasteczko nie zawiera \u017cadnych danych osobistych, wskazuj\u0105c po prostu na identyfikator przed chwil\u0105 edytowanego artyku\u0142u. Wygasa ono po 1 dniu.<\/p>\n<p align=\"justify\">Korzystanie z ciasteczek pozwala:<\/p>\n<ul>\n<li>zapewni\u0107 prawid\u0142owe funkcjonowanie strony jakiego oczekujesz,<\/li>\n<li>poprawi\u0107 szybko\u015b\u0107 i bezpiecze\u0144stwo korzystania ze strony,<\/li>\n<li>umo\u017cliwia\u0107 Ci udost\u0119pnianie tre\u015bci w serwisach spo\u0142eczno\u015bciowych,<\/li>\n<li>umo\u017cliwia\u0107 Ci odtwarzanie tre\u015bci pochodz\u0105cych z serwis\u00f3w zewn\u0119trznych,<\/li>\n<li>korzysta\u0107 z narz\u0119dzi marketingowych,<\/li>\n<li>analizowa\u0107 ruch na stronie.<\/li>\n<\/ul>\n<p align=\"justify\">Wykorzystujemy cookies w celu prowadzenia dzia\u0142a\u0144 remarketingowych polegaj\u0105cych na prezentowaniu Ci reklam zach\u0119caj\u0105cych do powrotu na stron\u0119 lub skorzystania z jaki\u015b promocji, zni\u017cek etc. Wykorzystujemy r\u00f3wnie\u017c Pixel Facebooka, by m\u00f3c kierowa\u0107 do Ciebie reklamy w serwisie Facebook.<\/p>\n<h3>Osadzone tre\u015bci z innych witryn<\/h3>\n<p align=\"justify\">Artyku\u0142y na tej witrynie mog\u0105 zawiera\u0107 osadzone tre\u015bci (np. filmy, obrazki, artyku\u0142y itp.). Osadzone tre\u015bci z innych witryn zachowuj\u0105 si\u0119 analogicznie do tego, jakby u\u017cytkownik odwiedzi\u0142 bezpo\u015brednio konkretn\u0105 witryn\u0119.<\/p>\n<p align=\"justify\">Te witryny mog\u0105 zbiera\u0107 informacj\u0119 o tobie, u\u017cywa\u0107 ciasteczek, do\u0142\u0105cza\u0107 dodatkowe, zewn\u0119trzne systemy \u015bledzenia i monitorowa\u0107 twoje interakcje z osadzonym materia\u0142em, w\u0142\u0105czaj\u0105c w to \u015bledzenie twoich interakcji z osadzonym materia\u0142em je\u015bli posiadasz konto i jeste\u015b zalogowany w tamtej witrynie.<\/p>\n<h3>Analiza statystyk<\/h3>\n<p align=\"justify\">W zakresie dopasowanie tre\u015bci stron internetowych Carolco Investments Sp. Z O.O. do Twoich zainteresowa\u0144, a tak\u017ce wykrywania bot\u00f3w i nadu\u017cy\u0107 oraz pomiar\u00f3w statystycznych i udoskonalenia us\u0142ugi, Twoje dane b\u0119d\u0105 przetwarzane w tych celach do momentu wyra\u017cenia sprzeciwu lub do czasu zako\u0144czenia korzystania przez Ciebie z us\u0142ug.<\/p>\n<h2>Z kim dzielimy si\u0119 danymi<\/h2>\n<p align=\"justify\">Odbiorc\u0105 Twoich danych osobowych b\u0119d\u0105 wy\u0142\u0105cznie pracownicy Carolco Investments Sp. Z O.O., ewentualnie w\u0142a\u015bciwe organy.<\/p>\n<h2>Jak d\u0142ugo przechowujemy twoje dane<\/h2>\n<p align=\"justify\">Je\u015bli zostawisz komentarz, jego tre\u015b\u0107 i metadane b\u0119d\u0105 przechowywane przez czas nieokre\u015blony. Dzi\u0119ki temu jeste\u015bmy w stanie rozpoznawa\u0107 i zatwierdza\u0107 kolejne komentarze automatycznie, bez wysy\u0142ania ich do ka\u017cdorazowej moderacji.<\/p>\n<p align=\"justify\">Dla u\u017cytkownik\u00f3w kt\u00f3rzy zarejestrowali si\u0119 na naszej stronie internetowej (je\u015bli tacy s\u0105), przechowujemy r\u00f3wnie\u017c informacje osobiste wprowadzone w profilu. Ka\u017cdy u\u017cytkownik mo\u017ce dokona\u0107 wgl\u0105du, korekty albo skasowa\u0107 swoje informacje osobiste w dowolnej chwili (nie licz\u0105c nazwy u\u017cytkownika, kt\u00f3rej nie mo\u017cna zmieni\u0107). Administratorzy strony r\u00f3wnie\u017c mog\u0105 przegl\u0105da\u0107 i modyfikowa\u0107 te informacje.<\/p>\n<h2>Jakie masz prawa do swoich danych<\/h2>\n<p align=\"justify\">Je\u015bli masz konto u\u017cytkownika albo doda\u0142e\u015b komentarze w tej witrynie, mo\u017cesz za\u017c\u0105da\u0107 dostarczenia pliku z wyeksportowanym kompletem twoich danych osobistych b\u0119d\u0105cych w naszym posiadaniu, w tym ca\u0142o\u015b\u0107 tych dostarczonych przez ciebie. Mo\u017cesz r\u00f3wnie\u017c za\u017c\u0105da\u0107 usuni\u0119cia przez nas ca\u0142o\u015bci twoich danych osobistych w naszym posiadaniu. Nie dotyczy to \u017cadnych danych kt\u00f3re jeste\u015bmy zobligowani zachowa\u0107 ze wzgl\u0119d\u00f3w administracyjnych, prawnych albo bezpiecze\u0144stwa.<\/p>\n<h2>Gdzie przesy\u0142amy dane<\/h2>\n<p align=\"justify\">Komentarze go\u015bci mog\u0105 by\u0107 sprawdzane za pomoc\u0105 automatycznej us\u0142ugi wykrywania spamu.\u00a0woje dane osobowe nie b\u0119d\u0105 przekazywane do odbiorc\u00f3w znajduj\u0105cych si\u0119 w pa\u0144stwach poza Europejskim Obszarem Gospodarczym.<\/p>\n<h2>Twoje dane kontaktowe<\/h2>\n<p align=\"justify\">Je\u017celi Twoje dane s\u0105 przetwarzane na podstawie zgody lub w ramach \u015bwiadczonej us\u0142ugi (dane s\u0105 niezb\u0119dne w celu \u015bwiadczenia us\u0142ugi) mo\u017cesz dodatkowo skorzysta\u0107 z poni\u017cszych praw:<br \/>\n&#8211; prawo do wycofania zgody w zakresie w jakim s\u0105 przetwarzane na tej podstawie. Wycofanie zgody nie ma wp\u0142ywu na zgodno\u015b\u0107 z prawem przetwarzania, kt\u00f3rego dokonano na podstawie zgody przed jej wycofaniem.<br \/>\n&#8211; prawo do przenoszenia danych osobowych, tj. do otrzymania od administratora Twoich danych osobowych, w ustrukturyzowanym, powszechnie u\u017cywanym formacie nadaj\u0105cym si\u0119 do odczytu maszynowego. Mo\u017cesz przes\u0142a\u0107 te dane innemu administratorowi danych.<\/p>\n<h2>Informacje dodatkowe<\/h2>\n<h3>Jak chronimy Twoje dane?<\/h3>\n<p align=\"justify\">Carolco Investments jako administrator dok\u0142ada wszelkich stara\u0144, aby zapewni\u0107 wszelkie \u015brodki fizycznej, technicznej i organizacyjnej ochrony danych osobowych przed ich przypadkowym czy umy\u015blnym zniszczeniem, przypadkow\u0105 utrat\u0105, zmian\u0105, nieuprawnionym ujawnieniem, wykorzystaniem czy dost\u0119pem, zgodnie ze wszystkimi obowi\u0105zuj\u0105cymi przepisami.<\/p>\n<h3>Prawa u\u017cytkownika<\/h3>\n<p align=\"justify\">U\u017cytkownikom przys\u0142uguj\u0105 nast\u0119puj\u0105ce prawa, z kt\u00f3rych mog\u0105 skorzysta\u0107 (w tym celu nale\u017cy si\u0119 skontaktowa\u0107 z Administratorem pod adresem biuro@carolco.pl ):<\/p>\n<ul>\n<li>Prawo dost\u0119pu do danych;<\/li>\n<li>Prawo do sprostowania danych;<\/li>\n<li>Prawo do usuni\u0119cia danych;<\/li>\n<li>Prawo do ograniczenia przetwarzania;<\/li>\n<li>Prawo do przenoszenia danych (o ile do przetwarzania dochodzi na podstawie zgody lub w celu zawarcia umowy);<\/li>\n<li>Prawo sprzeciwu (o ile dane przetwarzane s\u0105 na podstawie uzasadnionego interesu administratora);<\/li>\n<li>Prawo do cofni\u0119cia zgody, o ile przetwarzanie nast\u0119puje na podstawie zgody;<\/li>\n<li>Prawo wniesienia skargi do organu nadzorczego zajmuj\u0105cego si\u0119 ochron\u0105 danych osobowych.<\/li>\n<\/ul>\n<h3>Przegl\u0105danie stron www<\/h3>\n<p align=\"justify\">Korzystanie ze strony wi\u0105\u017ce si\u0119 z przesy\u0142aniem specjalnych zapyta\u0144 do serwera, na kt\u00f3rym jest przechowywana nasza strona. Ka\u017cde zapytanie skierowane do serwera zapisywane jest w tak zwanych logach serwera i obejmuje m.in. adres IP komputera z kt\u00f3rego korzystasz, dat\u0119 i czas logowania, informacje o przegl\u0105darce internetowej i systemie operacyjnym z jakiego korzysta u\u017cytkownik. Informacje te s\u0105 zapisywane i przechowywane na serwerze.<\/p>\n<p align=\"justify\">Dane te zapisane na serwerze nie s\u0105 kojarzone z konkretnymi osobami korzystaj\u0105cymi ze serwisu i nie s\u0105 wykorzystywane w celu identyfikacji u\u017cytkownika.<br \/>\nDane te stanowi\u0105 wy\u0142\u0105cznie materia\u0142 pomocniczy s\u0142u\u017c\u0105cy do administrowania stron\u0105 a ich zawarto\u015b\u0107 nie jest ujawniana nikomu poza osobami upowa\u017cnionymi do administrowania serwerem.<\/p>\n<p>&nbsp;<\/p>\n<h3>Od jakich stron trzecich otrzymujemy dane<\/h3>\n<p align=\"justify\">Nie wsp\u00f3\u0142pracujemy z innymi podmiotami w zakresie pozyskiwania danych osobowych.<\/p>\n<h3>Jakie automatyczne podejmowanie decyzji i\/lub tworzenie profili przeprowadzamy z u\u017cyciem danych u\u017cytkownika<\/h3>\n<p align=\"justify\">Przetwarzanie danych w celu dopasowania tre\u015bci stron internetowych, serwis\u00f3w, aplikacji i innych funkcjonalno\u015bci do Twoich zainteresowa\u0144, wykrywania bot\u00f3w i nadu\u017cy\u0107 w us\u0142ugach, pomiar\u00f3w statystycznych i udoskonalenia us\u0142ug Carolco Investments Sp. Z O.O.,\u00a0 jest niezb\u0119dne w celu zapewnienia wysokiej jako\u015bci us\u0142ug. Niezebranie Twoich danych osobowych w tych celach mo\u017ce uniemo\u017cliwi\u0107 poprawne \u015bwiadczenie us\u0142ug.<\/p>\n<p align=\"justify\">Carolco Investments SP. Z O.O., wykorzystuj\u0105c cookies w celu prowadzenia dzia\u0142a\u0144 remarketingowych polegaj\u0105cych na prezentowaniu Ci reklam zach\u0119caj\u0105cych do powrotu na stron\u0119 lub skorzystania z jaki\u015b promocji, zni\u017cek etc. Wykorzystuj\u0119 r\u00f3wnie\u017c Pixel Facebooka, by m\u00f3c kierowa\u0107 do Ciebie reklamy w serwisie Facebook.<\/p>\n<h3>Postanowienia ko\u0144cowe<\/h3>\n<p align=\"justify\">1. Korzystaj\u0105c ze strony internetowej Carolco.pl jak i z przysz\u0142ych funkcji serwisu, wyra\u017casz zgod\u0119 na postanowienia zawarte w niniejszej Polityce Prywatno\u015bci.<\/p>\n<p align=\"justify\">2. Us\u0142ugodawca zastrzega sobie prawo do wprowadzania zmian w niniejszej Polityce Prywatno\u015bci, z tym zastrze\u017ceniem, \u017ce zmiany te nie wp\u0142yn\u0105 na to, \u017ce carolco.pl nigdy nie udost\u0119pni danych U\u017cytkownik\u00f3w osobom trzecim.<\/p>\n<p align=\"justify\">3.\u00a0Pe\u0142ne informacje o przetwarzaniu danych osobowych znajduj\u0105 si\u0119 w klauzulach informacyjnych przekazywanych U\u017cytkownikom w momencie zbierania od nich danych osobowych dla okre\u015blonych cel\u00f3w.<\/p>\n<p>&nbsp;<\/p>\n<!--themify_builder_content-->\n<div id=\"themify_builder_content-3723\" data-postid=\"3723\" class=\"themify_builder_content themify_builder_content-3723 themify_builder tf_clear\">\n    <\/div>\n<!--\/themify_builder_content-->\n ","protected":false},"excerpt":{"rendered":"<p>Kim jeste\u015bmy Adres naszej strony internetowej to: http:\/\/carolco.pl. Administratorem danych osobowych jest Carolco Investments Sp. Z O.O., 90-057 \u0141\u00f3d\u017a, ul. Sienkiewicza 85\/87\/8 zarejestrowana pod numerem KRS 0000344296, REGON: 100851568, NIP: 7252020572. Jakie dane osobiste zbieramy i dlaczego je zbieramy Twoje dane mog\u0105 by\u0107 tak\u017ce przetwarzane w celu dopasowania tre\u015bci stron internetowych do Twoich zainteresowa\u0144, a [&hellip;]<\/p>\n","protected":false},"author":1,"featured_media":0,"parent":0,"menu_order":0,"comment_status":"closed","ping_status":"closed","template":"","meta":{"om_disable_all_campaigns":false,"_exactmetrics_skip_tracking":false,"_exactmetrics_sitenote_active":false,"_exactmetrics_sitenote_note":"","_exactmetrics_sitenote_category":0,"_monsterinsights_skip_tracking":false,"_monsterinsights_sitenote_active":false,"_monsterinsights_sitenote_note":"","_monsterinsights_sitenote_category":0,"footnotes":""},"class_list":["post-3723","page","type-page","status-publish","hentry","has-post-title","has-post-date","has-post-category","has-post-tag","has-post-comment","has-post-author",""],"aioseo_notices":[],"builder_content":"","_links":{"self":[{"href":"https:\/\/carolco.pl\/pl\/carolco-home\/wp-json\/wp\/v2\/pages\/3723","targetHints":{"allow":["GET"]}}],"collection":[{"href":"https:\/\/carolco.pl\/pl\/carolco-home\/wp-json\/wp\/v2\/pages"}],"about":[{"href":"https:\/\/carolco.pl\/pl\/carolco-home\/wp-json\/wp\/v2\/types\/page"}],"author":[{"embeddable":true,"href":"https:\/\/carolco.pl\/pl\/carolco-home\/wp-json\/wp\/v2\/users\/1"}],"replies":[{"embeddable":true,"href":"https:\/\/carolco.pl\/pl\/carolco-home\/wp-json\/wp\/v2\/comments?post=3723"}],"version-history":[{"count":15,"href":"https:\/\/carolco.pl\/pl\/carolco-home\/wp-json\/wp\/v2\/pages\/3723\/revisions"}],"predecessor-version":[{"id":3749,"href":"https:\/\/carolco.pl\/pl\/carolco-home\/wp-json\/wp\/v2\/pages\/3723\/revisions\/3749"}],"wp:attachment":[{"href":"https:\/\/carolco.pl\/pl\/carolco-home\/wp-json\/wp\/v2\/media?parent=3723"}],"curies":[{"name":"wp","href":"https:\/\/api.w.org\/{rel}","templated":true}]}}